{"id":3,"date":"2026-02-04T01:19:36","date_gmt":"2026-02-04T01:19:36","guid":{"rendered":"http:\/\/globalmarineyacht.com\/?page_id=3"},"modified":"2026-04-03T04:40:06","modified_gmt":"2026-04-03T04:40:06","slug":"politica-de-privacidad","status":"publish","type":"page","link":"https:\/\/globalmarineyacht.com\/en\/politica-de-privacidad\/","title":{"rendered":"Politica de privacidad"},"content":{"rendered":"<div class=\"wp-block-greenshift-blocks-row alignfull gspb_row gspb_row-id-gsbp-f829157 gspb_row--gutter-custom-0\" id=\"gspb_row-id-gsbp-f829157\"><div class=\"gspb_backgroundOverlay\"><\/div><div class=\"gspb_row__content\"> \n<div class=\"wp-block-greenshift-blocks-row-column gspb_row__col--8 gspb_col-id-gsbp-b70c80c\" id=\"gspb_col-id-gsbp-b70c80c\">\n\n<h2 style=\"text-transform:uppercase; margin-top:20px;margin-bottom:0px;\" class=\"ct-dynamic-data wp-elements-4c7cfcc0c74ae0ba46b043c6fb96f475 has-text-color has-white-color\">Politica de privacidad<\/h2><\/div>\n\n\n\n<div class=\"wp-block-greenshift-blocks-row-column gspb_row__col--4 gspb_col-id-gsbp-0b9ae32\" id=\"gspb_col-id-gsbp-0b9ae32\"><\/div>\n <\/div><\/div>\n\n\n\n<p id=\"gspb_text-id-gsbp-de6c63c\" class=\"gspb_text gspb_text-id-gsbp-de6c63c\"><strong>\u00daltima actualizaci\u00f3n:<\/strong> Abril 2026<br><strong>Marca:<\/strong> Global Marine Yacht<br>En Global Marine Yacht valoramos y respetamos tu privacidad. Esta Pol\u00edtica de Privacidad explica c\u00f3mo recopilamos, utilizamos y protegemos tu informaci\u00f3n personal cuando interact\u00faas con nuestro sitio web o te comunicas con nosotros.<br>Al utilizar este sitio, aceptas las pr\u00e1cticas descritas en esta pol\u00edtica.<br><\/p>\n\n\n\n<div id=\"who-we-are\"><\/div><h2 id=\"gspb_heading-id-gsbp-42f06f4\" class=\"gspb_heading gspb_heading-id-gsbp-42f06f4\"><strong>1. Informaci\u00f3n que recopilamos<\/strong><\/h2>\n\n\n\n<p id=\"gspb_text-id-gsbp-110645c\" class=\"gspb_text gspb_text-id-gsbp-110645c\">Podemos recopilar:<\/p>\n\n\n\n<ul class=\"wp-block-list\">\n<li>Name<\/li>\n\n\n\n<li>Tel\u00e9fono<\/li>\n\n\n\n<li>E-mail address<\/li>\n\n\n\n<li>Mensajes enviados por formularios o WhatsApp<\/li>\n<\/ul>\n\n\n\n<div id=\"comments\"><\/div><h2 id=\"gspb_heading-id-gsbp-1db7e76\" class=\"gspb_heading gspb_heading-id-gsbp-1db7e76\"><strong>2. Uso de la informaci\u00f3n<\/strong><\/h2>\n\n\n\n<p id=\"gspb_text-id-gsbp-64aaf97\" class=\"gspb_text gspb_text-id-gsbp-64aaf97\">Utilizamos la informaci\u00f3n para:<\/p>\n\n\n\n<ul class=\"wp-block-list\">\n<li>Brindar atenci\u00f3n personalizada<\/li>\n\n\n\n<li>Enviar cotizaciones<\/li>\n\n\n\n<li>Dar seguimiento a solicitudes<\/li>\n\n\n\n<li>Mejorar nuestros servicios<\/li>\n<\/ul>\n\n\n\n<div id=\"media\"><\/div><h2 id=\"gspb_heading-id-gsbp-349eb4a\" class=\"gspb_heading gspb_heading-id-gsbp-349eb4a\"><strong>3. Protecci\u00f3n de datos<\/strong><\/h2>\n\n\n\n<p id=\"gspb_text-id-gsbp-8480bb4\" class=\"gspb_text gspb_text-id-gsbp-8480bb4\">Implementamos medidas de seguridad para proteger tu informaci\u00f3n.<\/p>\n\n\n\n<div id=\"cookies\"><\/div><h2 id=\"gspb_heading-id-gsbp-f2d07d9\" class=\"gspb_heading gspb_heading-id-gsbp-f2d07d9\"><strong>4. Compartici\u00f3n de informaci\u00f3n<\/strong><\/h2>\n\n\n\n<p id=\"gspb_text-id-gsbp-b995a54\" class=\"gspb_text gspb_text-id-gsbp-b995a54\">No compartimos informaci\u00f3n personal con terceros, salvo cuando sea necesario para:<\/p>\n\n\n\n<ul class=\"wp-block-list\">\n<li>Procesar solicitudes<\/li>\n\n\n\n<li>Cumplir obligaciones legales<\/li>\n<\/ul>\n\n\n\n<div id=\"embedded-content-from-other-websites\"><\/div><h2 id=\"gspb_heading-id-gsbp-312bdc7\" class=\"gspb_heading gspb_heading-id-gsbp-312bdc7\"><strong>5. Cookies<\/strong><\/h2>\n\n\n\n<p id=\"gspb_text-id-gsbp-76247a1\" class=\"gspb_text gspb_text-id-gsbp-76247a1\">Este sitio puede utilizar cookies para mejorar la experiencia del usuario.<\/p>\n\n\n\n<div id=\"6-derechos-del-usuario\"><\/div><h2 id=\"gspb_heading-id-gsbp-89eb234\" class=\"gspb_heading gspb_heading-id-gsbp-89eb234\"><strong>6. Derechos del usuario<\/strong><\/h2>\n\n\n\n<p id=\"gspb_text-id-gsbp-321be75\" class=\"gspb_text gspb_text-id-gsbp-321be75\">Tienes derecho a:<\/p>\n\n\n\n<ul class=\"wp-block-list\">\n<li>Acceder a tus datos<\/li>\n\n\n\n<li>Corregirlos<\/li>\n\n\n\n<li>Solicitar su eliminaci\u00f3n<\/li>\n<\/ul>\n\n\n\n<div id=\"how-long-we-retain-your-data\"><\/div><h2 id=\"gspb_heading-id-gsbp-2f9b77f\" class=\"gspb_heading gspb_heading-id-gsbp-2f9b77f\"><strong>7. Contacto<\/strong><\/h2>\n\n\n\n<p id=\"gspb_text-id-gsbp-c6fdecc\" class=\"gspb_text gspb_text-id-gsbp-c6fdecc\">Para cualquier duda, cont\u00e1ctanos en:<br>\ud83d\udce7 info@globalmarineyacht.com<\/p>\n\n\n\n<div id=\"what-rights-you-have-over-your-data\"><\/div><h2 id=\"gspb_heading-id-gsbp-6280e0e\" class=\"gspb_heading gspb_heading-id-gsbp-6280e0e\"><strong>8. Consentimiento<\/strong><\/h2>\n\n\n\n<p id=\"gspb_text-id-gsbp-db9a735\" class=\"gspb_text gspb_text-id-gsbp-db9a735\">Al utilizar este sitio, aceptas esta pol\u00edtica de privacidad.<\/p>","protected":false},"excerpt":{"rendered":"","protected":false},"author":1,"featured_media":0,"parent":0,"menu_order":0,"comment_status":"closed","ping_status":"open","template":"","meta":{"_gspb_post_css":"#gspb_row-id-gsbp-f829157{justify-content:space-between;display:flex;flex-wrap:wrap;min-height:65vh;align-content:flex-end;margin-top:-5%;margin-bottom:5%;padding-top:250px;padding-bottom:60px}#gspb_row-id-gsbp-f829157>.gspb_row__content{display:flex;justify-content:space-between;margin:0 auto;width:100%;flex-wrap:wrap;align-items:flex-end}.gspb_row{position:relative}div[id^=gspb_col-id]{box-sizing:border-box;position:relative;padding:var(--gs-row-column-padding, 15px min(3vw, 20px))}body.gspb-bodyfront #gspb_row-id-gsbp-f829157>.gspb_row__content{width:var(--theme-container-width, 1200px);max-width:var(--theme-normal-container-max-width, 1200px)}@media (max-width:991.98px){#gspb_row-id-gsbp-f829157{padding-top:120px}}#gspb_row-id-gsbp-f829157{background-color:#000;background-size:cover;background-repeat:no-repeat;background-position:51% 58%;background-image:url(https:\/\/globalmarineyacht.com\/wp-content\/uploads\/2026\/04\/politica-de-privacidad-hero.jpeg);isolation:isolate}#gspb_row-id-gsbp-f829157:hover{background-size:cover}#gspb_row-id-gsbp-f829157>.gspb_backgroundOverlay{position:absolute;top:0;left:0;width:100%;height:100%;z-index:-1;opacity:.7;background-color:#000}#gspb_col-id-gsbp-b70c80c.gspb_row__col--8{width:calc(66.66666666666667% - 25px)}@media (max-width:991.98px){#gspb_col-id-gsbp-b70c80c.gspb_row__col--8{width:calc(66.66666666666667% - 25px)}}@media (max-width:767.98px){#gspb_col-id-gsbp-b70c80c.gspb_row__col--8{width:calc(66.66666666666667% - 25px)}}@media (max-width:575.98px){#gspb_col-id-gsbp-b70c80c.gspb_row__col--8{width:100%}}.gspb_row #gspb_col-id-gsbp-0b9ae32.gspb_row__col--4,.gspb_row #gspb_col-id-gsbp-b70c80c.gspb_row__col--8{padding:0}#gspb_col-id-gsbp-b70c80c.gspb_row__col--8{flex-direction:column}body #gspb_col-id-gsbp-b70c80c.gspb_row__col--8{display:flex;flex-direction:column}@media (max-width:575.98px){body #gspb_col-id-gsbp-b70c80c.gspb_row__col--8{align-items:center}}#gspb_col-id-gsbp-0b9ae32.gspb_row__col--4{width:calc(33.333333333333336% - 25px)}@media (max-width:991.98px){#gspb_col-id-gsbp-0b9ae32.gspb_row__col--4{width:calc(33.333333333333336% - 25px)}}@media (max-width:767.98px){#gspb_col-id-gsbp-0b9ae32.gspb_row__col--4{width:calc(33.333333333333336% - 25px)}}@media (max-width:575.98px){#gspb_col-id-gsbp-0b9ae32.gspb_row__col--4{width:100%}}#gspb_col-id-gsbp-0b9ae32.gspb_row__col--4{flex-direction:column}body #gspb_col-id-gsbp-0b9ae32.gspb_row__col--4{display:flex}.gspb_text-id-gsbp-321be75,.gspb_text-id-gsbp-64aaf97,.gspb_text-id-gsbp-76247a1,.gspb_text-id-gsbp-8480bb4,.gspb_text-id-gsbp-b995a54,.gspb_text-id-gsbp-c6fdecc,.gspb_text-id-gsbp-db9a735{margin-top:0!important}","footnotes":""},"class_list":["post-3","page","type-page","status-publish","hentry"],"blocksy_meta":[],"aioseo_notices":[],"_hostinger_reach_plugin_has_subscription_block":false,"_hostinger_reach_plugin_is_elementor":false,"_links":{"self":[{"href":"https:\/\/globalmarineyacht.com\/en\/wp-json\/wp\/v2\/pages\/3","targetHints":{"allow":["GET"]}}],"collection":[{"href":"https:\/\/globalmarineyacht.com\/en\/wp-json\/wp\/v2\/pages"}],"about":[{"href":"https:\/\/globalmarineyacht.com\/en\/wp-json\/wp\/v2\/types\/page"}],"author":[{"embeddable":true,"href":"https:\/\/globalmarineyacht.com\/en\/wp-json\/wp\/v2\/users\/1"}],"replies":[{"embeddable":true,"href":"https:\/\/globalmarineyacht.com\/en\/wp-json\/wp\/v2\/comments?post=3"}],"version-history":[{"count":9,"href":"https:\/\/globalmarineyacht.com\/en\/wp-json\/wp\/v2\/pages\/3\/revisions"}],"predecessor-version":[{"id":4491,"href":"https:\/\/globalmarineyacht.com\/en\/wp-json\/wp\/v2\/pages\/3\/revisions\/4491"}],"wp:attachment":[{"href":"https:\/\/globalmarineyacht.com\/en\/wp-json\/wp\/v2\/media?parent=3"}],"curies":[{"name":"wp","href":"https:\/\/api.w.org\/{rel}","templated":true}]}}